{"id":5425,"date":"2026-05-14T20:20:01","date_gmt":"2026-05-14T20:20:01","guid":{"rendered":"https:\/\/porozumienie.olsztyn.pl\/?page_id=5425"},"modified":"2026-05-14T20:25:57","modified_gmt":"2026-05-14T20:25:57","slug":"od-stazu-do-zatrudnienia","status":"publish","type":"page","link":"https:\/\/porozumienie.olsztyn.pl\/index.php\/od-stazu-do-zatrudnienia\/","title":{"rendered":"Od sta\u017cu do zatrudnienia"},"content":{"rendered":"<h2 style=\"text-align: center;\" data-end=\"37\" data-start=\"0\" data-section-id=\"j9oef0\"><strong>Projekt \u201eOd sta\u017cu do zatrudnienia\u201d<a href=\"https:\/\/porozumienie.olsztyn.pl\/index.php\/od-stazu-do-zatrudnienia\/plakat-rekrutacyjny-od-stazu-do-zatrudnienia\/\" rel=\"attachment wp-att-5431\"><img fetchpriority=\"high\" decoding=\"async\" class=\"alignnone size-large wp-image-5431\" src=\"http:\/\/porozumienie.olsztyn.pl\/wp-content\/uploads\/2026\/05\/Plakat-rekrutacyjny-Od-stazu-do-zatrudnienia-683x1024.png\" alt=\"\" width=\"640\" height=\"960\" srcset=\"https:\/\/porozumienie.olsztyn.pl\/wp-content\/uploads\/2026\/05\/Plakat-rekrutacyjny-Od-stazu-do-zatrudnienia-683x1024.png 683w, https:\/\/porozumienie.olsztyn.pl\/wp-content\/uploads\/2026\/05\/Plakat-rekrutacyjny-Od-stazu-do-zatrudnienia-200x300.png 200w, https:\/\/porozumienie.olsztyn.pl\/wp-content\/uploads\/2026\/05\/Plakat-rekrutacyjny-Od-stazu-do-zatrudnienia-768x1152.png 768w, https:\/\/porozumienie.olsztyn.pl\/wp-content\/uploads\/2026\/05\/Plakat-rekrutacyjny-Od-stazu-do-zatrudnienia-600x900.png 600w, https:\/\/porozumienie.olsztyn.pl\/wp-content\/uploads\/2026\/05\/Plakat-rekrutacyjny-Od-stazu-do-zatrudnienia.png 1024w\" sizes=\"(max-width: 640px) 100vw, 640px\" \/><\/a><\/strong><\/h2>\n<p data-end=\"396\" data-start=\"39\"><strong>Opis projektu<\/strong><\/p>\n<p data-end=\"396\" data-start=\"39\">Projekt \u201eOd sta\u017cu do zatrudnienia\u201d realizowany jest przez O\u015brodek Mediacji i Pomocy Psychologiczno-Pedagogicznej \u201ePorozumienie\u201d Izabela Krzyszycha w ramach programu Fundusze Europejskie dla Warmii i Mazur 2021\u20132027 i wsp\u00f3\u0142finansowany ze \u015brodk\u00f3w Unii Europejskiej w ramach Europejskiego Funduszu Spo\u0142ecznego Plus (EFS+).<\/p>\n<p data-end=\"488\" data-start=\"398\">Nr umowy o dofinansowanie: FEWM.06.04-IZ.00-0037\/25.<\/p>\n<p data-end=\"897\" data-start=\"490\">Projekt skierowany jest do 120 uczni\u00f3w Zespo\u0142u Szk\u00f3\u0142 Ekonomicznych w Olsztynie, kszta\u0142c\u0105cych si\u0119 w zawodach: technik ekonomista, technik rachunkowo\u015bci, technik hotelarstwa, technik organizacji turystyki, technik informatyk oraz technik programista. Wsparciem zostan\u0105 obj\u0119ci r\u00f3wnie\u017c uczniowie ze specjalnymi potrzebami edukacyjnymi i\/lub niepe\u0142nosprawno\u015bciami.<\/p>\n<p data-end=\"1185\" data-start=\"899\">Celem projektu jest zwi\u0119kszenie kompetencji zawodowych uczni\u00f3w, rozw\u00f3j praktycznych umiej\u0119tno\u015bci zawodowych oraz zwi\u0119kszenie szans m\u0142odzie\u017cy na zatrudnienie po uko\u0144czeniu szko\u0142y poprzez realizacj\u0119 sta\u017cy uczniowskich w rzeczywistych warunkach pracy.<\/p>\n<p data-end=\"1226\" data-start=\"1187\">W ramach projektu zostan\u0105 zrealizowane:<\/p>\n<ul data-end=\"1513\" data-start=\"1227\">\n<li data-end=\"1276\" data-start=\"1227\" data-section-id=\"1yxen3e\">150-godzinne sta\u017ce uczniowskie dla 120 uczni\u00f3w,<\/li>\n<li data-end=\"1352\" data-start=\"1277\" data-section-id=\"1ajjwin\">praktyczna nauka zawodu u pracodawc\u00f3w z Olsztyna i powiatu olszty\u0144skiego,<\/li>\n<li data-end=\"1412\" data-start=\"1353\" data-section-id=\"1e6hxw\">dzia\u0142ania zwi\u0105zane z edukacj\u0105 finansow\u0105 i proekologiczn\u0105,<\/li>\n<li data-end=\"1513\" data-start=\"1413\" data-section-id=\"1o5e120\">dzia\u0142ania rekrutacyjne, organizacyjne i promocyjne projektu.<\/li>\n<\/ul>\n<p data-end=\"1534\" data-start=\"1515\">Rezultaty projektu:<\/p>\n<ul data-end=\"2065\" data-start=\"1535\">\n<li data-end=\"1647\" data-start=\"1535\" data-section-id=\"14xw7bu\">120 uczni\u00f3w nab\u0119dzie praktyczne umiej\u0119tno\u015bci zawodowe w ramach sta\u017cy uczniowskich realizowanych u pracodawc\u00f3w,<\/li>\n<li data-end=\"1702\" data-start=\"1648\" data-section-id=\"2hpf1h\">120 uczni\u00f3w zostanie obj\u0119tych wsparciem w projekcie,<\/li>\n<li data-end=\"1744\" data-start=\"1703\" data-section-id=\"16da0f6\">120 uczni\u00f3w odb\u0119dzie sta\u017ce uczniowskie,<\/li>\n<li data-end=\"1804\" data-start=\"1745\" data-section-id=\"yn7669\">zrealizowanych zostanie 18 000 godzin sta\u017cy uczniowskich,<\/li>\n<li data-end=\"1900\" data-start=\"1805\" data-section-id=\"5l4nl6\">zwi\u0119kszy si\u0119 poziom do\u015bwiadczenia zawodowego uczni\u00f3w oraz ich konkurencyjno\u015b\u0107 na rynku pracy,<\/li>\n<li data-end=\"2065\" data-start=\"1901\" data-section-id=\"kued6w\">uczniowie zdob\u0119d\u0105 do\u015bwiadczenie zawodowe zgodne z potrzebami regionalnych pracodawc\u00f3w.<\/li>\n<\/ul>\n<p data-end=\"2202\" data-start=\"2067\">Warto\u015b\u0107 projektu: 747 675,00 z\u0142<br \/>\nWysoko\u015b\u0107 dofinansowania z Funduszy Europejskich: 672 907,50 z\u0142.<\/p>\n<p data-end=\"2306\" data-start=\"2204\">Wi\u0119cej informacji: Katarzyna \u017buk 739 001 733, Izabela Krzyszycha 600 483 146, mail: <a href=\"mailto:osorodekporozumineie@wp.pl\">osrodekporozumienie@wp.pl<\/a><\/p>\n<p data-end=\"2340\" data-start=\"2308\">#FunduszeEuropejskie #FunduszeUE<\/p>\n<div class=\"gwpfb7b8fae_nh_signature_88871b46-ac35-36c3-366b-fa21e67bb785\">\n<p><strong>Dokumenty do pobrania:<\/strong><\/p>\n<p><strong>Formularz rekrutacyjny z za\u0142\u0105cznikami: <a href=\"http:\/\/porozumienie.olsztyn.pl\/wp-content\/uploads\/2026\/05\/0.-Formularz-rekrutacyjny-wraz-z-kaluzula-informacyjna.pdf\">POBIERZ<\/a><\/strong><\/p>\n<p><strong>Regulamin uczestnictwa i rekrutacji: <a href=\"http:\/\/porozumienie.olsztyn.pl\/wp-content\/uploads\/2026\/05\/1.-Regulamin-uczestnictwa-i-rekrutacji-w-projekcie.pdf\">POBIERZ<\/a><\/strong><\/p>\n<\/div>\n","protected":false},"excerpt":{"rendered":"<p>Projekt \u201eOd sta\u017cu do zatrudnienia\u201d Opis projektu Projekt \u201eOd sta\u017cu do zatrudnienia\u201d realizowany jest przez O\u015brodek Mediacji i Pomocy Psychologiczno-Pedagogicznej&#8230;<\/p>\n","protected":false},"author":2,"featured_media":0,"parent":0,"menu_order":0,"comment_status":"closed","ping_status":"closed","template":"","meta":{"footnotes":""},"class_list":["post-5425","page","type-page","status-publish","hentry"],"_links":{"self":[{"href":"https:\/\/porozumienie.olsztyn.pl\/index.php\/wp-json\/wp\/v2\/pages\/5425","targetHints":{"allow":["GET"]}}],"collection":[{"href":"https:\/\/porozumienie.olsztyn.pl\/index.php\/wp-json\/wp\/v2\/pages"}],"about":[{"href":"https:\/\/porozumienie.olsztyn.pl\/index.php\/wp-json\/wp\/v2\/types\/page"}],"author":[{"embeddable":true,"href":"https:\/\/porozumienie.olsztyn.pl\/index.php\/wp-json\/wp\/v2\/users\/2"}],"replies":[{"embeddable":true,"href":"https:\/\/porozumienie.olsztyn.pl\/index.php\/wp-json\/wp\/v2\/comments?post=5425"}],"version-history":[{"count":5,"href":"https:\/\/porozumienie.olsztyn.pl\/index.php\/wp-json\/wp\/v2\/pages\/5425\/revisions"}],"predecessor-version":[{"id":5435,"href":"https:\/\/porozumienie.olsztyn.pl\/index.php\/wp-json\/wp\/v2\/pages\/5425\/revisions\/5435"}],"wp:attachment":[{"href":"https:\/\/porozumienie.olsztyn.pl\/index.php\/wp-json\/wp\/v2\/media?parent=5425"}],"curies":[{"name":"wp","href":"https:\/\/api.w.org\/{rel}","templated":true}]}}