{"id":5324,"date":"2026-04-04T18:49:01","date_gmt":"2026-04-04T18:49:01","guid":{"rendered":"https:\/\/porozumienie.olsztyn.pl\/?page_id=5324"},"modified":"2026-04-04T19:49:11","modified_gmt":"2026-04-04T19:49:11","slug":"rekrutacja-olsztyn","status":"publish","type":"page","link":"https:\/\/porozumienie.olsztyn.pl\/index.php\/rekrutacja-olsztyn\/","title":{"rendered":"Rekrutacja Olsztyn"},"content":{"rendered":"<div class=\"gwpbf1eea43_empty_line\" style=\"text-align: center;\">Punkt rekrutacyjny:<\/div>\n<div class=\"gwpbf1eea43_empty_line\" style=\"text-align: center;\">Biuro Projektu &#8211; Leyka 7 lok. 7a, 10-690 Olsztyn<\/div>\n<div style=\"text-align: center;\">Opiekun: Ma\u0142gorzata Chmielewska, kontakt: <a target=\"_blank\" rel=\"noopener noreferrer\">784 661 377<\/a><\/div>\n<div style=\"text-align: center;\">Harmonogram Rekrutacji: pobierz<\/div>\n<div>\n<div style=\"display: flex; justify-content: center; align-items: center; height: 50vh;\"><iframe style=\"border: 0; display: block; margin: 0 auto;\" src=\"https:\/\/www.google.com\/maps\/embed?pb=!1m18!1m12!1m3!1d2227.479278672907!2d20.489799676399024!3d53.74334384494544!2m3!1f0!2f0!3f0!3m2!1i1024!2i768!4f13.1!3m3!1m2!1s0x46e278bfab716431%3A0x34bf48cce6b47116!2sFryderyka%20Leyka%207%2C%2011-041%20Olsztyn!5e1!3m2!1spl!2spl!4v1775331111045!5m2!1spl!2spl\" width=\"400\" height=\"300\" allowfullscreen=\"allowfullscreen\"><br \/>\n<\/iframe><\/div>\n<\/div>\n<div class=\"gwpbf1eea43_empty_line\" style=\"text-align: center;\">lub z dost\u0119pno\u015bci\u0105 dla os\u00f3b niepe\u0142nosprawnych: Olsztyn &#8211; <a href=\"https:\/\/maps.app.goo.gl\/evZtKVqhurQikpv77\">\u017b\u0142obek i Przedszkole &#8220;Delfinek&#8221;, ul. Jezio\u0142owicza 21<\/a><\/div>\n<div><\/div>\n<div><\/div>\n<div><\/div>\n<div><img fetchpriority=\"high\" decoding=\"async\" class=\"wp-image-5336 aligncenter\" src=\"http:\/\/porozumienie.olsztyn.pl\/wp-content\/uploads\/2026\/04\/Plakat-Olsztyn-300x167.png\" alt=\"\" width=\"466\" height=\"260\" srcset=\"https:\/\/porozumienie.olsztyn.pl\/wp-content\/uploads\/2026\/04\/Plakat-Olsztyn-300x167.png 300w, https:\/\/porozumienie.olsztyn.pl\/wp-content\/uploads\/2026\/04\/Plakat-Olsztyn-1024x572.png 1024w, https:\/\/porozumienie.olsztyn.pl\/wp-content\/uploads\/2026\/04\/Plakat-Olsztyn-768x429.png 768w, https:\/\/porozumienie.olsztyn.pl\/wp-content\/uploads\/2026\/04\/Plakat-Olsztyn-1536x857.png 1536w, https:\/\/porozumienie.olsztyn.pl\/wp-content\/uploads\/2026\/04\/Plakat-Olsztyn-2048x1143.png 2048w, https:\/\/porozumienie.olsztyn.pl\/wp-content\/uploads\/2026\/04\/Plakat-Olsztyn-600x335.png 600w\" sizes=\"(max-width: 466px) 100vw, 466px\" \/><\/div>\n<div style=\"text-align: center;\"><\/div>\n","protected":false},"excerpt":{"rendered":"<p>Punkt rekrutacyjny: Biuro Projektu &#8211; Leyka 7 lok. 7a, 10-690 Olsztyn Opiekun: Ma\u0142gorzata Chmielewska, kontakt: 784 661 377 Harmonogram Rekrutacji:&#8230;<\/p>\n","protected":false},"author":2,"featured_media":0,"parent":0,"menu_order":0,"comment_status":"closed","ping_status":"closed","template":"","meta":{"footnotes":""},"class_list":["post-5324","page","type-page","status-publish","hentry"],"_links":{"self":[{"href":"https:\/\/porozumienie.olsztyn.pl\/index.php\/wp-json\/wp\/v2\/pages\/5324","targetHints":{"allow":["GET"]}}],"collection":[{"href":"https:\/\/porozumienie.olsztyn.pl\/index.php\/wp-json\/wp\/v2\/pages"}],"about":[{"href":"https:\/\/porozumienie.olsztyn.pl\/index.php\/wp-json\/wp\/v2\/types\/page"}],"author":[{"embeddable":true,"href":"https:\/\/porozumienie.olsztyn.pl\/index.php\/wp-json\/wp\/v2\/users\/2"}],"replies":[{"embeddable":true,"href":"https:\/\/porozumienie.olsztyn.pl\/index.php\/wp-json\/wp\/v2\/comments?post=5324"}],"version-history":[{"count":14,"href":"https:\/\/porozumienie.olsztyn.pl\/index.php\/wp-json\/wp\/v2\/pages\/5324\/revisions"}],"predecessor-version":[{"id":5364,"href":"https:\/\/porozumienie.olsztyn.pl\/index.php\/wp-json\/wp\/v2\/pages\/5324\/revisions\/5364"}],"wp:attachment":[{"href":"https:\/\/porozumienie.olsztyn.pl\/index.php\/wp-json\/wp\/v2\/media?parent=5324"}],"curies":[{"name":"wp","href":"https:\/\/api.w.org\/{rel}","templated":true}]}}