{"id":5301,"date":"2026-04-04T17:40:09","date_gmt":"2026-04-04T17:40:09","guid":{"rendered":"https:\/\/porozumienie.olsztyn.pl\/?page_id=5301"},"modified":"2026-04-04T18:22:09","modified_gmt":"2026-04-04T18:22:09","slug":"rekrutacja-gorowo-ilaweckie","status":"publish","type":"page","link":"https:\/\/porozumienie.olsztyn.pl\/index.php\/rekrutacja-gorowo-ilaweckie\/","title":{"rendered":"Rekrutacja G\u00f3rowo-I\u0142aweckie"},"content":{"rendered":"<div class=\"gwpbf1eea43_empty_line\">\n<div style=\"text-align: center;\">Punkt rekrtutacyjny:<\/div>\n<div style=\"text-align: center;\">\n<div>G\u00f3rowo I\u0142aweckie &#8211; Miejskie Centrum Us\u0142ug Spo\u0142ecznych, ul. Sikorskiego 19<\/div>\n<div>opiekun: Agnieszka Gorzycka, kontakt pod nr tel: 501 699 119<\/div>\n<\/div>\n<p style=\"text-align: center;\"><iframe style=\"border: 0;\" src=\"https:\/\/www.google.com\/maps\/embed?pb=!1m18!1m12!1m3!1d2198.409478205261!2d20.48578367643365!3d54.2898404037129!2m3!1f0!2f0!3f0!3m2!1i1024!2i768!4f13.1!3m3!1m2!1s0x46e2fabfd178ae85%3A0x34fb78a79d52991!2sgen.%20W%C5%82adys%C5%82awa%20Sikorskiego%2019%2C%2011-220%20G%C3%B3rowo%20I%C5%82aweckie!5e1!3m2!1spl!2spl!4v1775325149133!5m2!1spl!2spl\" width=\"400\" height=\"300\" allowfullscreen=\"allowfullscreen\"><\/iframe><\/p>\n<\/div>\n<div style=\"text-align: center;\"><\/div>\n<div><img fetchpriority=\"high\" decoding=\"async\" class=\"wp-image-5306 aligncenter\" src=\"http:\/\/porozumienie.olsztyn.pl\/wp-content\/uploads\/2026\/04\/Podzakladka-Gorowo-Ilaweckie-punkt-rekrutacyjny-300x212.jpg\" alt=\"\" width=\"764\" height=\"541\" srcset=\"https:\/\/porozumienie.olsztyn.pl\/wp-content\/uploads\/2026\/04\/Podzakladka-Gorowo-Ilaweckie-punkt-rekrutacyjny-300x212.jpg 300w, https:\/\/porozumienie.olsztyn.pl\/wp-content\/uploads\/2026\/04\/Podzakladka-Gorowo-Ilaweckie-punkt-rekrutacyjny-1024x724.jpg 1024w, https:\/\/porozumienie.olsztyn.pl\/wp-content\/uploads\/2026\/04\/Podzakladka-Gorowo-Ilaweckie-punkt-rekrutacyjny-768x543.jpg 768w, https:\/\/porozumienie.olsztyn.pl\/wp-content\/uploads\/2026\/04\/Podzakladka-Gorowo-Ilaweckie-punkt-rekrutacyjny-1536x1086.jpg 1536w, https:\/\/porozumienie.olsztyn.pl\/wp-content\/uploads\/2026\/04\/Podzakladka-Gorowo-Ilaweckie-punkt-rekrutacyjny-2048x1449.jpg 2048w, https:\/\/porozumienie.olsztyn.pl\/wp-content\/uploads\/2026\/04\/Podzakladka-Gorowo-Ilaweckie-punkt-rekrutacyjny-600x424.jpg 600w\" sizes=\"(max-width: 764px) 100vw, 764px\" \/><\/div>\n<div><\/div>\n<div><\/div>\n<div><\/div>\n<div><\/div>\n","protected":false},"excerpt":{"rendered":"<p>Punkt rekrtutacyjny: G\u00f3rowo I\u0142aweckie &#8211; Miejskie Centrum Us\u0142ug Spo\u0142ecznych, ul. Sikorskiego 19 opiekun: Agnieszka Gorzycka, kontakt pod nr tel: 501&#8230;<\/p>\n","protected":false},"author":2,"featured_media":0,"parent":0,"menu_order":0,"comment_status":"closed","ping_status":"closed","template":"","meta":{"footnotes":""},"class_list":["post-5301","page","type-page","status-publish","hentry"],"_links":{"self":[{"href":"https:\/\/porozumienie.olsztyn.pl\/index.php\/wp-json\/wp\/v2\/pages\/5301","targetHints":{"allow":["GET"]}}],"collection":[{"href":"https:\/\/porozumienie.olsztyn.pl\/index.php\/wp-json\/wp\/v2\/pages"}],"about":[{"href":"https:\/\/porozumienie.olsztyn.pl\/index.php\/wp-json\/wp\/v2\/types\/page"}],"author":[{"embeddable":true,"href":"https:\/\/porozumienie.olsztyn.pl\/index.php\/wp-json\/wp\/v2\/users\/2"}],"replies":[{"embeddable":true,"href":"https:\/\/porozumienie.olsztyn.pl\/index.php\/wp-json\/wp\/v2\/comments?post=5301"}],"version-history":[{"count":17,"href":"https:\/\/porozumienie.olsztyn.pl\/index.php\/wp-json\/wp\/v2\/pages\/5301\/revisions"}],"predecessor-version":[{"id":5321,"href":"https:\/\/porozumienie.olsztyn.pl\/index.php\/wp-json\/wp\/v2\/pages\/5301\/revisions\/5321"}],"wp:attachment":[{"href":"https:\/\/porozumienie.olsztyn.pl\/index.php\/wp-json\/wp\/v2\/media?parent=5301"}],"curies":[{"name":"wp","href":"https:\/\/api.w.org\/{rel}","templated":true}]}}