{"id":5295,"date":"2026-04-04T17:34:58","date_gmt":"2026-04-04T17:34:58","guid":{"rendered":"https:\/\/porozumienie.olsztyn.pl\/?page_id=5295"},"modified":"2026-04-04T20:03:32","modified_gmt":"2026-04-04T20:03:32","slug":"aktualnosci","status":"publish","type":"page","link":"https:\/\/porozumienie.olsztyn.pl\/index.php\/aktualnosci\/","title":{"rendered":"Aktualno\u015bci"},"content":{"rendered":"<p>&nbsp;<\/p>\n<div>Pierwsza tura rekrutacji rozpocznie si\u0119 w miesi\u0105cu kwietniu (terminy patrz Aktualno\u015bci na stronie www.porozumienie.olsztyn.pl), kolejne zgodnie z harmonogramem publikowanym na stronie projektu, publikowanym w Biurze Projektu oraz punktach kontaktowych w ka\u017cdej gminie.<\/div>\n<div><\/div>\n<div>Dokumenty rekrutacyjne s\u0105 do pobrania na stronie projektu, b\u0119dzie mo\u017cna sk\u0142ada\u0107 papierowo w biurze g\u0142\u00f3wnym (Olsztyn, Leyka 7lok. 7a) oraz w punktach kontaktowych, kt\u00f3re zostan\u0105 wyznaczone w ka\u017cdej gminie oraz online, poczt\u0105 tradycyjn\u0105, kurierem na adres O\u015brodek Mediacji i Pomocy Psychologiczno-Pedagogicznej \u201ePOROZUMIENIE\u201d, Leyka 7lok. 7a.<\/div>\n<div><\/div>\n<div>Kwalifikowalno\u015b\u0107 uczestnik\u00f3w potwierdzimy na podstawie: formularza rekrutacyjnego (gdzie wskazany jest PESEL) i okazanego dokumentu to\u017csamo\u015bci w Biurze projektu\/punktach kontaktowanych.<\/div>\n<div><\/div>\n<div>Kryteria rekrutacji:<\/div>\n<div>1. Wiek 25+ \u2013 0 pkt (warunek).<\/div>\n<div>2. Miejsce zamieszkania w W-M \u2013 0 pkt (warunek).<\/div>\n<div>3. Test wiedzy z wynikiem oznaczaj\u0105cym potrzeb\u0119 wsparcia szkoleniowego (warunek).<\/div>\n<div><\/div>\n<div>Premiowanie grup \u2013 max. 30 pkt:<\/div>\n<div>&#8211; Osoba 50+ \u2013 10 pkt,<\/div>\n<div>&#8211; Osoba z niepe\u0142nosprawno\u015bci\u0105 \u2013 10 pkt,<\/div>\n<div>&#8211; Osoba z powiatu pogranicza \u2013 10 pkt.<\/div>\n<div><\/div>\n<div>Harmonogram Rekrutacji &#8211; ruszamy z rekrutacj\u0105 w G\u00f3rowie I\u0142aweckim i Olsztynie &#8211; nab\u00f3r od 8 kwietnia do 15 kwietnia 2026<\/div>\n<p><img fetchpriority=\"high\" decoding=\"async\" class=\"wp-image-5343 aligncenter\" src=\"http:\/\/porozumienie.olsztyn.pl\/wp-content\/uploads\/2026\/04\/Podzakladka-1-Ogolne-300x212.jpg\" alt=\"\" width=\"462\" height=\"327\" srcset=\"https:\/\/porozumienie.olsztyn.pl\/wp-content\/uploads\/2026\/04\/Podzakladka-1-Ogolne-300x212.jpg 300w, https:\/\/porozumienie.olsztyn.pl\/wp-content\/uploads\/2026\/04\/Podzakladka-1-Ogolne-1024x724.jpg 1024w, https:\/\/porozumienie.olsztyn.pl\/wp-content\/uploads\/2026\/04\/Podzakladka-1-Ogolne-768x543.jpg 768w, https:\/\/porozumienie.olsztyn.pl\/wp-content\/uploads\/2026\/04\/Podzakladka-1-Ogolne-1536x1086.jpg 1536w, https:\/\/porozumienie.olsztyn.pl\/wp-content\/uploads\/2026\/04\/Podzakladka-1-Ogolne-2048x1449.jpg 2048w, https:\/\/porozumienie.olsztyn.pl\/wp-content\/uploads\/2026\/04\/Podzakladka-1-Ogolne-600x424.jpg 600w\" sizes=\"(max-width: 462px) 100vw, 462px\" \/><\/p>\n<p><img decoding=\"async\" class=\"wp-image-5337 aligncenter\" src=\"http:\/\/porozumienie.olsztyn.pl\/wp-content\/uploads\/2026\/04\/zestawienie-znakow-kolorowe-300x35.jpg\" alt=\"\" width=\"463\" height=\"54\" srcset=\"https:\/\/porozumienie.olsztyn.pl\/wp-content\/uploads\/2026\/04\/zestawienie-znakow-kolorowe-300x35.jpg 300w, https:\/\/porozumienie.olsztyn.pl\/wp-content\/uploads\/2026\/04\/zestawienie-znakow-kolorowe-1024x120.jpg 1024w, https:\/\/porozumienie.olsztyn.pl\/wp-content\/uploads\/2026\/04\/zestawienie-znakow-kolorowe-768x90.jpg 768w, https:\/\/porozumienie.olsztyn.pl\/wp-content\/uploads\/2026\/04\/zestawienie-znakow-kolorowe-1536x181.jpg 1536w, https:\/\/porozumienie.olsztyn.pl\/wp-content\/uploads\/2026\/04\/zestawienie-znakow-kolorowe-2048x241.jpg 2048w, https:\/\/porozumienie.olsztyn.pl\/wp-content\/uploads\/2026\/04\/zestawienie-znakow-kolorowe-600x71.jpg 600w\" sizes=\"(max-width: 463px) 100vw, 463px\" \/><\/p>\n","protected":false},"excerpt":{"rendered":"<p>&nbsp; Pierwsza tura rekrutacji rozpocznie si\u0119 w miesi\u0105cu kwietniu (terminy patrz Aktualno\u015bci na stronie www.porozumienie.olsztyn.pl), kolejne zgodnie z harmonogramem publikowanym&#8230;<\/p>\n","protected":false},"author":2,"featured_media":0,"parent":0,"menu_order":0,"comment_status":"closed","ping_status":"closed","template":"","meta":{"footnotes":""},"class_list":["post-5295","page","type-page","status-publish","hentry"],"_links":{"self":[{"href":"https:\/\/porozumienie.olsztyn.pl\/index.php\/wp-json\/wp\/v2\/pages\/5295","targetHints":{"allow":["GET"]}}],"collection":[{"href":"https:\/\/porozumienie.olsztyn.pl\/index.php\/wp-json\/wp\/v2\/pages"}],"about":[{"href":"https:\/\/porozumienie.olsztyn.pl\/index.php\/wp-json\/wp\/v2\/types\/page"}],"author":[{"embeddable":true,"href":"https:\/\/porozumienie.olsztyn.pl\/index.php\/wp-json\/wp\/v2\/users\/2"}],"replies":[{"embeddable":true,"href":"https:\/\/porozumienie.olsztyn.pl\/index.php\/wp-json\/wp\/v2\/comments?post=5295"}],"version-history":[{"count":5,"href":"https:\/\/porozumienie.olsztyn.pl\/index.php\/wp-json\/wp\/v2\/pages\/5295\/revisions"}],"predecessor-version":[{"id":5374,"href":"https:\/\/porozumienie.olsztyn.pl\/index.php\/wp-json\/wp\/v2\/pages\/5295\/revisions\/5374"}],"wp:attachment":[{"href":"https:\/\/porozumienie.olsztyn.pl\/index.php\/wp-json\/wp\/v2\/media?parent=5295"}],"curies":[{"name":"wp","href":"https:\/\/api.w.org\/{rel}","templated":true}]}}