{"id":224,"date":"2018-03-08T11:08:33","date_gmt":"2018-03-08T11:08:33","guid":{"rendered":"http:\/\/porozumienie.olsztyn.pl\/?page_id=224"},"modified":"2021-02-09T08:26:52","modified_gmt":"2021-02-09T08:26:52","slug":"oferty-pracy","status":"publish","type":"page","link":"https:\/\/porozumienie.olsztyn.pl\/index.php\/o-osrodku\/oferty-pracy\/","title":{"rendered":"Oferty pracy"},"content":{"rendered":"\n<p>Je\u015bli s\u0105 pa\u0144stwo zainteresowani prac\u0105 w charakterze:<\/p>\n\n\n\n<ul class=\"wp-block-list\"><li>psychologa<\/li><li>pedagoga<\/li><li>terapeuty<\/li><li>nauczyciela wychowania przedszkolnego<\/li><li>specjalisty ds. funduszy UE<\/li><\/ul>\n\n\n\n<p>Zapraszamy do kontaktu pod numerem telefonu 600-483-146<\/p>\n","protected":false},"excerpt":{"rendered":"<p>Je\u015bli s\u0105 pa\u0144stwo zainteresowani prac\u0105 w charakterze: psychologa pedagoga terapeuty nauczyciela wychowania przedszkolnego specjalisty ds. funduszy UE Zapraszamy do kontaktu&#8230;<\/p>\n","protected":false},"author":3,"featured_media":0,"parent":164,"menu_order":0,"comment_status":"closed","ping_status":"closed","template":"","meta":{"footnotes":""},"class_list":["post-224","page","type-page","status-publish","hentry"],"_links":{"self":[{"href":"https:\/\/porozumienie.olsztyn.pl\/index.php\/wp-json\/wp\/v2\/pages\/224","targetHints":{"allow":["GET"]}}],"collection":[{"href":"https:\/\/porozumienie.olsztyn.pl\/index.php\/wp-json\/wp\/v2\/pages"}],"about":[{"href":"https:\/\/porozumienie.olsztyn.pl\/index.php\/wp-json\/wp\/v2\/types\/page"}],"author":[{"embeddable":true,"href":"https:\/\/porozumienie.olsztyn.pl\/index.php\/wp-json\/wp\/v2\/users\/3"}],"replies":[{"embeddable":true,"href":"https:\/\/porozumienie.olsztyn.pl\/index.php\/wp-json\/wp\/v2\/comments?post=224"}],"version-history":[{"count":2,"href":"https:\/\/porozumienie.olsztyn.pl\/index.php\/wp-json\/wp\/v2\/pages\/224\/revisions"}],"predecessor-version":[{"id":4645,"href":"https:\/\/porozumienie.olsztyn.pl\/index.php\/wp-json\/wp\/v2\/pages\/224\/revisions\/4645"}],"up":[{"embeddable":true,"href":"https:\/\/porozumienie.olsztyn.pl\/index.php\/wp-json\/wp\/v2\/pages\/164"}],"wp:attachment":[{"href":"https:\/\/porozumienie.olsztyn.pl\/index.php\/wp-json\/wp\/v2\/media?parent=224"}],"curies":[{"name":"wp","href":"https:\/\/api.w.org\/{rel}","templated":true}]}}