{"id":164,"date":"2018-02-03T14:10:58","date_gmt":"2018-02-03T14:10:58","guid":{"rendered":"http:\/\/porozumienie.olsztyn.pl\/?page_id=164"},"modified":"2018-03-08T11:22:49","modified_gmt":"2018-03-08T11:22:49","slug":"o-osrodku","status":"publish","type":"page","link":"https:\/\/porozumienie.olsztyn.pl\/index.php\/o-osrodku\/","title":{"rendered":"O o\u015brodku"},"content":{"rendered":"<p style=\"text-align: justify;\"><strong>W lipcu 2008 roku ruszy\u0142 o\u015brodek \u201ePorozumienie\u201d dla os\u00f3b, kt\u00f3re poszukuj\u0105 pomocy w rozwi\u0105zaniu swoich problem\u00f3w.<\/strong><\/p>\n<p style=\"text-align: justify;\">G\u0142\u00f3wnym za\u0142o\u017ceniem jest pomoc psychologiczno-pedagogiczna, konsultacje, poznanie diagnostyczne partner\u00f3w, pomoc terapeutyczn\u0105 w zakresie zaj\u0119\u0107 indywidualnych, grupowych pozwalaj\u0105cych na rozw\u00f3j osobisty jednostek oraz grup spo\u0142ecznych w zakresie profilaktyki zdrowia psychicznego.<\/p>\n<p style=\"text-align: justify;\"><strong>Jak powsta\u0142\u00a0 pomys\u0142 otwarcia\u00a0 O\u015brodek mediacji i pomocy psychologiczno-pedagogicznej \u201ePOROZUMIENIE?<\/strong><\/p>\n<p style=\"text-align: justify;\">Pomys\u0142odawc\u0105 otwarcia O\u015brodek mediacji i pomocy psychologiczno-pedagogicznej \u201ePOROZUMIENIE jest Izabela Krzyszycha\u00a0 pedagog.<\/p>\n<p style=\"text-align: justify;\">W Olsztynie mieszka\u00a0 172 993 mieszka\u0144c\u00f3w i nie ma takiego miejsca w kt\u00f3rym otrzymaliby\u015bcie Pa\u0144stwo profesjonaln\u0105 pomoc w takim zakresie jak\u0105 oferuje Nasz o\u015brodek \u201ePOROZUMIENIE\u201d. Tutaj znajdziesz w\u0142a\u015bciw\u0105 \/w\u0142a\u015bciwe osoby, otrzymasz\u00a0 wsparcie i oczekiwan\u0105 pomoc psychologiczn\u0105, pedagogiczn\u0105, edukacyjn\u0105\u00a0 r\u00f3wnie\u017c\u00a0 z zakresu mediacji\u00a0\u00a0\u00a0 i negocjacji. Jest to bardzo wa\u017cne i odpowiedzialne zadanie, kt\u00f3re realizowa\u0107 b\u0119d\u0105\u00a0 dla\u00a0 Pa\u0144stwa zespo\u0142y\u00a0 specjalist\u00f3w z o\u015brodka \u201e POROZUMIENIE\u201d<\/p>\n<h5 style=\"text-align: justify;\">Spotkanie ze specjalist\u0105 &#8211; czym ono jest?<\/h5>\n<p style=\"text-align: justify;\"><strong>Czego mo\u017cecie Pa\u0144stwo oczekiwa\u0107 po takim spotkaniu z\u00a0 pedagogiem, psychologiem psychoterapeut\u0105, mediatorem?<\/strong><\/p>\n<p style=\"text-align: justify;\">Rozmowa ze specjalist\u0105 jest spotkaniem z drugim cz\u0142owiekiem, kt\u00f3ry z uwag\u0105 wys\u0142ucha\u00a0\u00a0\u00a0\u00a0\u00a0\u00a0\u00a0\u00a0 i\u00a0 poradzi jak rozwi\u0105za\u0107 problem z kt\u00f3rym zwr\u00f3ci\u0142e\u015b si\u0119 do Nas. Celem takiego spotkania jest pr\u00f3ba poznania siebie, relacji z innymi lud\u017ami, rozpoznania problem\u00f3w i odnalezienie\u00a0 w\u0142asnego potencja\u0142u\u00a0 do radzenia sobie z trudno\u015bciami i problemami \u017cycia codziennego.<\/p>\n<p style=\"text-align: justify;\"><strong>Kiedy powinni\u015bcie\u00a0 skorzysta\u0107 z pomocy specjalisty?<\/strong><\/p>\n<p style=\"text-align: justify;\">Zazwyczaj ludzie przychodz\u0105 po pomoc, porad\u0119 do specjalisty\u00a0 w momencie, kt\u00f3ry sami okre\u015blaj\u0105 jako \u2013 \u201enie radz\u0119 sobie ze swoimi problemami\u201d lub\u00a0 \u201e\u017ale si\u0119 czuj\u0119\u201d. Mog\u0105\u00a0 to by\u0107 np: dokuczliwy smutek, wybuchy z\u0142o\u015bci, poczucie osamotnienia, bezradno\u015b\u0107 lub brak poczucia bezpiecze\u0144stwa, brak zainteresowania\u00a0 u innych itp. Rozw\u00f3d rodzic\u00f3w, rozstanie z partnerem, \u015bmier\u0107 bliskiej osoby, nag\u0142a zmiana w \u017cyciu, czy do\u015bwiadczenie przemocy &#8211; s\u0105 to trudne chwile, kt\u00f3re pojawi\u0107 si\u0119 mog\u0105 w \u017cyciu ka\u017cdego z nas.<\/p>\n<p style=\"text-align: justify;\"><u>Jest to taki\u00a0 moment, w kt\u00f3rym warto odby\u0107 konsultacj\u0119 ze specjalist\u0105<\/u>.<\/p>\n<p style=\"text-align: justify;\">Wszystkich naszych specjalist\u00f3w obowi\u0105zuje kodeks zawodowy, tajemnica zawodowa oraz zapewnienie dyskrecji, anonimowo\u015b\u0107 i uczciwo\u015b\u0107 w relacjach. Wszystkie zdarzenia, kt\u00f3re mog\u0105 nam si\u0119 przydarzy\u0107 a z kt\u00f3rymi nie umiemy sobie poradzi\u0107, kt\u00f3re utrudniaj\u0105 nam funkcjonowanie w \u017cyciu zawodowym, osobistym mog\u0105 okaza\u0107 si\u0119 prostsze, \u0142atwiejsze do rozwi\u0105zania przy pomocy specjalist\u00f3w. Pracownicy,\u00a0 podczas\u00a0 spotka\u0144\u00a0 poznaj\u0105 Was, rozmawiaj\u0105\u00a0 o\u00a0 prze\u017cyciach, w\u0105tpliwo\u015bciach, odczuciach i rozterkach. Aby\u00a0 skutecznie pomaga\u0107 musimy\u00a0 pozostawa\u0107\u00a0 dyskretni i uczciwi. Jeste\u015bmy tylko dla Ciebie.<\/p>\n<p>&nbsp;<\/p>\n","protected":false},"excerpt":{"rendered":"<p>W lipcu 2008 roku ruszy\u0142 o\u015brodek \u201ePorozumienie\u201d dla os\u00f3b, kt\u00f3re poszukuj\u0105 pomocy w rozwi\u0105zaniu swoich problem\u00f3w. G\u0142\u00f3wnym za\u0142o\u017ceniem jest pomoc&#8230;<\/p>\n","protected":false},"author":3,"featured_media":0,"parent":0,"menu_order":1,"comment_status":"closed","ping_status":"closed","template":"","meta":{"footnotes":""},"class_list":["post-164","page","type-page","status-publish","hentry"],"_links":{"self":[{"href":"https:\/\/porozumienie.olsztyn.pl\/index.php\/wp-json\/wp\/v2\/pages\/164","targetHints":{"allow":["GET"]}}],"collection":[{"href":"https:\/\/porozumienie.olsztyn.pl\/index.php\/wp-json\/wp\/v2\/pages"}],"about":[{"href":"https:\/\/porozumienie.olsztyn.pl\/index.php\/wp-json\/wp\/v2\/types\/page"}],"author":[{"embeddable":true,"href":"https:\/\/porozumienie.olsztyn.pl\/index.php\/wp-json\/wp\/v2\/users\/3"}],"replies":[{"embeddable":true,"href":"https:\/\/porozumienie.olsztyn.pl\/index.php\/wp-json\/wp\/v2\/comments?post=164"}],"version-history":[{"count":14,"href":"https:\/\/porozumienie.olsztyn.pl\/index.php\/wp-json\/wp\/v2\/pages\/164\/revisions"}],"predecessor-version":[{"id":233,"href":"https:\/\/porozumienie.olsztyn.pl\/index.php\/wp-json\/wp\/v2\/pages\/164\/revisions\/233"}],"wp:attachment":[{"href":"https:\/\/porozumienie.olsztyn.pl\/index.php\/wp-json\/wp\/v2\/media?parent=164"}],"curies":[{"name":"wp","href":"https:\/\/api.w.org\/{rel}","templated":true}]}}