{"id":8,"date":"2018-02-02T14:58:30","date_gmt":"2018-02-02T14:58:30","guid":{"rendered":"http:\/\/porozumienie.olsztyn.pl\/porozumienie\/?page_id=8"},"modified":"2025-12-04T13:03:07","modified_gmt":"2025-12-04T13:03:07","slug":"oferta","status":"publish","type":"page","link":"http:\/\/porozumienie.olsztyn.pl\/index.php\/oferta\/","title":{"rendered":"Oferta"},"content":{"rendered":"<p data-start=\"391\" data-end=\"770\">W O\u015brodku Mediacji i Pomocy Psychologiczno-Pedagogicznej \u201ePorozumienie\u201d wspieramy dzieci, m\u0142odzie\u017c, doros\u0142ych i ca\u0142e rodziny w sytuacjach kryzysu, konfliktu oraz trudno\u015bci emocjonalnych i wychowawczych.<br data-start=\"593\" data-end=\"596\" \/>\u0141\u0105czymy podej\u015bcie psychologiczne, mediacyjne i pedagogiczne, tworz\u0105c bezpieczn\u0105 przestrze\u0144 do rozmowy, zmiany i budowania porozumienia \u2013 zar\u00f3wno z innymi, jak i z samym sob\u0105.<\/p>\n<hr data-start=\"772\" data-end=\"775\" \/>\n<h2 data-start=\"777\" data-end=\"807\">Dla kogo jest nasza oferta?<\/h2>\n<ul data-start=\"809\" data-end=\"1219\">\n<li data-start=\"809\" data-end=\"903\">\n<p data-start=\"811\" data-end=\"903\">dla dzieci i m\u0142odzie\u017cy do\u015bwiadczaj\u0105cych trudno\u015bci emocjonalnych, szkolnych lub rodzinnych,<\/p>\n<\/li>\n<li data-start=\"904\" data-end=\"990\">\n<p data-start=\"906\" data-end=\"990\">dla rodzic\u00f3w szukaj\u0105cych wsparcia wychowawczego i lepszej komunikacji z dzieckiem,<\/p>\n<\/li>\n<li data-start=\"991\" data-end=\"1026\">\n<p data-start=\"993\" data-end=\"1026\">dla par i ma\u0142\u017ce\u0144stw w kryzysie,<\/p>\n<\/li>\n<li data-start=\"1027\" data-end=\"1112\">\n<p data-start=\"1029\" data-end=\"1112\">dla os\u00f3b doros\u0142ych zmagaj\u0105cych si\u0119 ze stresem, wypaleniem, strat\u0105 czy konfliktem,<\/p>\n<\/li>\n<li data-start=\"1113\" data-end=\"1219\">\n<p data-start=\"1115\" data-end=\"1219\">dla szk\u00f3\u0142, przedszkoli i instytucji potrzebuj\u0105cych wsparcia mediacyjnego, szkoleniowego lub systemowego.<\/p>\n<\/li>\n<\/ul>\n<hr data-start=\"1221\" data-end=\"1224\" \/>\n<h3 data-start=\"1239\" data-end=\"1277\">Mediacje rodzinne i oko\u0142orozwodowe<\/h3>\n<p data-start=\"1278\" data-end=\"1393\">Pomagamy stronom w spokojnym i bezpiecznym dialogu, tak aby samodzielnie wypracowa\u0142y porozumienie m.in. w zakresie:<\/p>\n<ul data-start=\"1394\" data-end=\"1510\">\n<li data-start=\"1394\" data-end=\"1418\">\n<p data-start=\"1396\" data-end=\"1418\">kontakt\u00f3w z dzie\u0107mi,<\/p>\n<\/li>\n<li data-start=\"1419\" data-end=\"1452\">\n<p data-start=\"1421\" data-end=\"1452\">podzia\u0142u opieki i obowi\u0105zk\u00f3w,<\/p>\n<\/li>\n<li data-start=\"1453\" data-end=\"1477\">\n<p data-start=\"1455\" data-end=\"1477\">kwestii finansowych,<\/p>\n<\/li>\n<li data-start=\"1478\" data-end=\"1510\">\n<p data-start=\"1480\" data-end=\"1510\">zasad wsp\u00f3\u0142pracy po rozstaniu.<\/p>\n<\/li>\n<\/ul>\n<p data-start=\"1512\" data-end=\"1587\">Mediacja jest dobrowolna, poufna i nastawiona na wsp\u00f3\u0142prac\u0119, a nie na sp\u00f3r.<\/p>\n<h3 data-start=\"1589\" data-end=\"1641\">Mediacje w konfliktach szkolnych i r\u00f3wie\u015bniczych<\/h3>\n<p data-start=\"1642\" data-end=\"1865\">Wspieramy szko\u0142y, uczni\u00f3w, rodzic\u00f3w i nauczycieli w rozwi\u0105zywaniu konflikt\u00f3w, spor\u00f3w r\u00f3wie\u015bniczych oraz napi\u0119\u0107 na linii ucze\u0144\u2013nauczyciel\u2013rodzic.<br data-start=\"1786\" data-end=\"1789\" \/>Pomagamy przywr\u00f3ci\u0107 bezpiecze\u0144stwo, szacunek i mo\u017cliwo\u015b\u0107 dalszej wsp\u00f3\u0142pracy.<\/p>\n<h3 data-start=\"1867\" data-end=\"1918\">Mediacje w konfliktach zawodowych i s\u0105siedzkich<\/h3>\n<p data-start=\"1919\" data-end=\"1939\">Prowadzimy mediacje:<\/p>\n<ul data-start=\"1940\" data-end=\"2114\">\n<li data-start=\"1940\" data-end=\"2014\">\n<p data-start=\"1942\" data-end=\"2014\">pracownicze (mi\u0119dzy pracownikiem a prze\u0142o\u017conym lub wsp\u00f3\u0142pracownikami),<\/p>\n<\/li>\n<li data-start=\"2015\" data-end=\"2030\">\n<p data-start=\"2017\" data-end=\"2030\">s\u0105siedzkie,<\/p>\n<\/li>\n<li data-start=\"2031\" data-end=\"2114\">\n<p data-start=\"2033\" data-end=\"2114\">dotycz\u0105ce innych spor\u00f3w cywilnych, w kt\u00f3rych strony chc\u0105 polubownego rozwi\u0105zania.<\/p>\n<\/li>\n<\/ul>\n<hr data-start=\"2116\" data-end=\"2119\" \/>\n<h2 data-start=\"2121\" data-end=\"2177\">Wsparcie psychologiczne i psychologiczno-pedagogiczne<\/h2>\n<h3 data-start=\"2179\" data-end=\"2223\">Konsultacje psychologiczne dla doros\u0142ych<\/h3>\n<p data-start=\"2224\" data-end=\"2285\">Oferujemy indywidualne konsultacje dla os\u00f3b doros\u0142ych, kt\u00f3re:<\/p>\n<ul data-start=\"2286\" data-end=\"2448\">\n<li data-start=\"2286\" data-end=\"2344\">\n<p data-start=\"2288\" data-end=\"2344\">do\u015bwiadczaj\u0105 kryzysu emocjonalnego, stresu, wypalenia,<\/p>\n<\/li>\n<li data-start=\"2345\" data-end=\"2400\">\n<p data-start=\"2347\" data-end=\"2400\">mierz\u0105 si\u0119 z trudn\u0105 sytuacj\u0105 rodzinn\u0105 lub zawodow\u0105,<\/p>\n<\/li>\n<li data-start=\"2401\" data-end=\"2448\">\n<p data-start=\"2403\" data-end=\"2448\">chc\u0105 lepiej zrozumie\u0107 siebie i swoje reakcje.<\/p>\n<\/li>\n<\/ul>\n<p data-start=\"2450\" data-end=\"2532\">Wsp\u00f3lnie przygl\u0105damy si\u0119 problemowi, szukamy zasob\u00f3w i mo\u017cliwych kierunk\u00f3w zmiany.<\/p>\n<h3 data-start=\"2534\" data-end=\"2597\">Wsparcie psychologiczno-pedagogiczne dla dzieci i m\u0142odzie\u017cy<\/h3>\n<p data-start=\"2598\" data-end=\"2648\">Pracujemy z dzie\u0107mi i m\u0142odzie\u017c\u0105 m.in. w obszarach:<\/p>\n<ul data-start=\"2649\" data-end=\"2820\">\n<li data-start=\"2649\" data-end=\"2719\">\n<p data-start=\"2651\" data-end=\"2719\">trudno\u015bci emocjonalnych (l\u0119k, z\u0142o\u015b\u0107, wycofanie, obni\u017cony nastr\u00f3j),<\/p>\n<\/li>\n<li data-start=\"2720\" data-end=\"2761\">\n<p data-start=\"2722\" data-end=\"2761\">trudno\u015bci wychowawczych i zachowania,<\/p>\n<\/li>\n<li data-start=\"2762\" data-end=\"2820\">\n<p data-start=\"2764\" data-end=\"2820\">problem\u00f3w szkolnych, relacji r\u00f3wie\u015bniczych, adaptacji.<\/p>\n<\/li>\n<\/ul>\n<p data-start=\"2822\" data-end=\"2838\">Oferta obejmuje:<\/p>\n<ul data-start=\"2839\" data-end=\"2991\">\n<li data-start=\"2839\" data-end=\"2870\">\n<p data-start=\"2841\" data-end=\"2870\">konsultacje psychologiczne,<\/p>\n<\/li>\n<li data-start=\"2871\" data-end=\"2900\">\n<p data-start=\"2873\" data-end=\"2900\">konsultacje pedagogiczne,<\/p>\n<\/li>\n<li data-start=\"2901\" data-end=\"2932\">\n<p data-start=\"2903\" data-end=\"2932\">spotkania psychoedukacyjne,<\/p>\n<\/li>\n<li data-start=\"2933\" data-end=\"2991\">\n<p data-start=\"2935\" data-end=\"2991\">wsparcie w budowaniu bezpiecznej relacji dziecko\u2013rodzic.<\/p>\n<\/li>\n<\/ul>\n<h3 data-start=\"2993\" data-end=\"3033\">Konsultacje dla rodzic\u00f3w i opiekun\u00f3w<\/h3>\n<p data-start=\"3034\" data-end=\"3052\">Pomagamy rodzicom:<\/p>\n<ul data-start=\"3053\" data-end=\"3303\">\n<li data-start=\"3053\" data-end=\"3101\">\n<p data-start=\"3055\" data-end=\"3101\">lepiej rozumie\u0107 emocje i zachowania dziecka,<\/p>\n<\/li>\n<li data-start=\"3102\" data-end=\"3171\">\n<p data-start=\"3104\" data-end=\"3171\">szuka\u0107 skutecznych, a jednocze\u015bnie \u0142agodnych metod wychowawczych,<\/p>\n<\/li>\n<li data-start=\"3172\" data-end=\"3227\">\n<p data-start=\"3174\" data-end=\"3227\">budowa\u0107 komunikacj\u0119 opart\u0105 na szacunku i granicach,<\/p>\n<\/li>\n<li data-start=\"3228\" data-end=\"3303\">\n<p data-start=\"3230\" data-end=\"3303\">przygotowa\u0107 rodzin\u0119 na zmiany (np. rozw\u00f3d, przeprowadzka, zmiana szko\u0142y).<\/p>\n<\/li>\n<\/ul>\n<hr data-start=\"3305\" data-end=\"3308\" \/>\n<h2 data-start=\"3310\" data-end=\"3342\">Oferta dla szk\u00f3\u0142 i instytucji<\/h2>\n<p data-start=\"3344\" data-end=\"3425\">Wsp\u00f3\u0142pracujemy z plac\u00f3wkami edukacyjnymi, organizacjami i instytucjami, oferuj\u0105c:<\/p>\n<ul data-start=\"3427\" data-end=\"3851\">\n<li data-start=\"3427\" data-end=\"3466\">\n<p data-start=\"3429\" data-end=\"3466\"><strong data-start=\"3429\" data-end=\"3463\">mediacje szkolne i r\u00f3wie\u015bnicze<\/strong>,<\/p>\n<\/li>\n<li data-start=\"3467\" data-end=\"3691\">\n<p data-start=\"3469\" data-end=\"3505\"><strong data-start=\"3469\" data-end=\"3494\">warsztaty i szkolenia<\/strong> z zakresu:<\/p>\n<ul data-start=\"3508\" data-end=\"3691\">\n<li data-start=\"3508\" data-end=\"3543\">\n<p data-start=\"3510\" data-end=\"3543\">komunikacji bez przemocy (NVC),<\/p>\n<\/li>\n<li data-start=\"3546\" data-end=\"3588\">\n<p data-start=\"3548\" data-end=\"3588\">pracy z emocjami u dzieci i m\u0142odzie\u017cy,<\/p>\n<\/li>\n<li data-start=\"3591\" data-end=\"3647\">\n<p data-start=\"3593\" data-end=\"3647\">przeciwdzia\u0142ania przemocy i krzywdzeniu ma\u0142oletnich,<\/p>\n<\/li>\n<li data-start=\"3650\" data-end=\"3691\">\n<p data-start=\"3652\" data-end=\"3691\">budowania system\u00f3w wsparcia w szkole,<\/p>\n<\/li>\n<\/ul>\n<\/li>\n<li data-start=\"3692\" data-end=\"3851\">\n<p data-start=\"3694\" data-end=\"3851\"><strong data-start=\"3694\" data-end=\"3719\">konsultacje systemowe<\/strong> \u2013 wsparcie w tworzeniu procedur, standard\u00f3w i wewn\u0119trznych regulamin\u00f3w (np. ochrona ma\u0142oletnich, reagowanie na sytuacje kryzysowe).<\/p>\n<\/li>\n<\/ul>\n<hr data-start=\"3853\" data-end=\"3856\" \/>\n<h2 data-start=\"3858\" data-end=\"3897\">Bezpiecze\u0144stwo, standardy i poufno\u015b\u0107<\/h2>\n<p data-start=\"3899\" data-end=\"4035\">W O\u015brodku \u201ePorozumienie\u201d dbamy o najwy\u017csze standardy bezpiecze\u0144stwa i ochrony os\u00f3b korzystaj\u0105cych z naszej pomocy.<br data-start=\"4013\" data-end=\"4016\" \/>Dzia\u0142amy zgodnie z:<\/p>\n<ul data-start=\"4037\" data-end=\"4279\">\n<li data-start=\"4037\" data-end=\"4096\">\n<p data-start=\"4039\" data-end=\"4096\"><strong data-start=\"4039\" data-end=\"4093\">Standardami ochrony ma\u0142oletnich przed krzywdzeniem<\/strong>,<\/p>\n<\/li>\n<li data-start=\"4097\" data-end=\"4165\">\n<p data-start=\"4099\" data-end=\"4165\"><strong data-start=\"4099\" data-end=\"4155\">Procedur\u0105 ochrony danych i bezpiecze\u0144stwa informacji<\/strong> (RODO),<\/p>\n<\/li>\n<li data-start=\"4166\" data-end=\"4222\">\n<p data-start=\"4168\" data-end=\"4222\"><strong data-start=\"4168\" data-end=\"4219\">Polityk\u0105 prywatno\u015bci i ochrony danych osobowych<\/strong>,<\/p>\n<\/li>\n<li data-start=\"4223\" data-end=\"4279\">\n<p data-start=\"4225\" data-end=\"4279\"><strong data-start=\"4225\" data-end=\"4275\">Modelem reagowania na nieprzewidziane sytuacje<\/strong>.<\/p>\n<\/li>\n<\/ul>\n<p data-start=\"4281\" data-end=\"4393\">Wszystkie dokumenty s\u0105 dost\u0119pne w zak\u0142adce <strong data-start=\"4324\" data-end=\"4361\">Dokumenty \/ Dokumenty do pobrania<\/strong> na naszej stronie internetowej.<\/p>\n<hr data-start=\"4395\" data-end=\"4398\" \/>\n<h2 data-start=\"4400\" data-end=\"4431\">Jak um\u00f3wi\u0107 si\u0119 na spotkanie?<\/h2>\n<p data-start=\"4433\" data-end=\"4484\">Aby skorzysta\u0107 z mediacji, konsultacji lub szkole\u0144:<\/p>\n<ul data-start=\"4486\" data-end=\"4612\">\n<li data-start=\"4486\" data-end=\"4514\">\n<p data-start=\"4488\" data-end=\"4514\">zadzwo\u0144:\u00a0<strong data-start=\"4497\" data-end=\"4512\"><a href=\"tel:+48784661377\">784 661 377<\/a><\/strong><\/p>\n<\/li>\n<li data-start=\"4515\" data-end=\"4545\">\n<p data-start=\"4517\" data-end=\"4545\">napisz: <a href=\"mailto:kontakt@porozumienie.olsztyn.pl\"><strong data-start=\"4525\" data-end=\"4543\">kontakt@porozumienie.olsztyn.pl<\/strong><\/a><\/p>\n<\/li>\n<\/ul>\n<ul data-start=\"4486\" data-end=\"4612\">\n<li data-start=\"4546\" data-end=\"4612\">\n<p data-start=\"4548\" data-end=\"4612\">lub skorzystaj z formularza kontaktowego w zak\u0142adce <a href=\"http:\/\/porozumienie.olsztyn.pl\/index.php\/kontakt\/\"><strong data-start=\"4600\" data-end=\"4611\">Kontakt<\/strong><\/a><\/p>\n<\/li>\n<\/ul>\n<p data-start=\"4614\" data-end=\"4689\">Wsp\u00f3lnie dobierzemy form\u0119 wsparcia najlepiej dopasowan\u0105 do Twojej sytuacji.<\/p>\n","protected":false},"excerpt":{"rendered":"<p>W O\u015brodku Mediacji i Pomocy Psychologiczno-Pedagogicznej \u201ePorozumienie\u201d wspieramy dzieci, m\u0142odzie\u017c, doros\u0142ych i ca\u0142e rodziny w sytuacjach kryzysu, konfliktu oraz trudno\u015bci&#8230;<\/p>\n","protected":false},"author":3,"featured_media":0,"parent":0,"menu_order":3,"comment_status":"closed","ping_status":"closed","template":"","meta":{"footnotes":""},"class_list":["post-8","page","type-page","status-publish","hentry"],"_links":{"self":[{"href":"http:\/\/porozumienie.olsztyn.pl\/index.php\/wp-json\/wp\/v2\/pages\/8","targetHints":{"allow":["GET"]}}],"collection":[{"href":"http:\/\/porozumienie.olsztyn.pl\/index.php\/wp-json\/wp\/v2\/pages"}],"about":[{"href":"http:\/\/porozumienie.olsztyn.pl\/index.php\/wp-json\/wp\/v2\/types\/page"}],"author":[{"embeddable":true,"href":"http:\/\/porozumienie.olsztyn.pl\/index.php\/wp-json\/wp\/v2\/users\/3"}],"replies":[{"embeddable":true,"href":"http:\/\/porozumienie.olsztyn.pl\/index.php\/wp-json\/wp\/v2\/comments?post=8"}],"version-history":[{"count":12,"href":"http:\/\/porozumienie.olsztyn.pl\/index.php\/wp-json\/wp\/v2\/pages\/8\/revisions"}],"predecessor-version":[{"id":5287,"href":"http:\/\/porozumienie.olsztyn.pl\/index.php\/wp-json\/wp\/v2\/pages\/8\/revisions\/5287"}],"wp:attachment":[{"href":"http:\/\/porozumienie.olsztyn.pl\/index.php\/wp-json\/wp\/v2\/media?parent=8"}],"curies":[{"name":"wp","href":"https:\/\/api.w.org\/{rel}","templated":true}]}}