{"id":4667,"date":"2021-02-19T13:17:23","date_gmt":"2021-02-19T13:17:23","guid":{"rendered":"http:\/\/porozumienie.olsztyn.pl\/?page_id=4667"},"modified":"2021-02-19T13:17:42","modified_gmt":"2021-02-19T13:17:42","slug":"olsztynska-samochodowka-szkola-profesjonalnych-kompetencji-zawodowych","status":"publish","type":"page","link":"http:\/\/porozumienie.olsztyn.pl\/index.php\/projekty\/projekty\/2018-2\/olsztynska-samochodowka-szkola-profesjonalnych-kompetencji-zawodowych\/","title":{"rendered":"Olszty\u0144ska Samochod\u00f3wka &#8211; szko\u0142\u0105 profesjonalnych kompetencji zawodowych"},"content":{"rendered":"\n<p>2.4.1 RPO Olszty\u0144ska Samochod\u00f3wka &#8211; szko\u0142\u0105 profesjonalnych kompetencji zawodowych, Projekt, RPWM.02.04.01-28-0042\/19,&nbsp;&nbsp;okres realizacji: 2019-09-01 \u2013 2020-08 -31, warto\u015b\u0107 projektu:&nbsp;&nbsp;422 523,81.&nbsp;&nbsp;<\/p>\n\n\n\n<p>Celem projektu jest podniesienie kompetencji, kwalifikacji zawodowych oraz umiej\u0119tno\u015bci praktycznych zawodowych niezb\u0119dnych do wej\u015bcia na rynek pracy u 30 uczni\u00f3w (2K\/28M) ZSS w Olsztynie poprzez wsp\u00f3\u0142prac\u0119 z pracodawcami, kursy oraz sta\u017ce zawodowe od 01.09.2019 do 31.08.2020 roku. Ka\u017cdy z uczni\u00f3w odb\u0119dzie kurs zawodowy, a nast\u0119pnie sta\u017c w wymiarze 150 godzin u pracodawcy.<\/p>\n","protected":false},"excerpt":{"rendered":"<p>2.4.1 RPO Olszty\u0144ska Samochod\u00f3wka &#8211; szko\u0142\u0105 profesjonalnych kompetencji zawodowych, Projekt, RPWM.02.04.01-28-0042\/19,&nbsp;&nbsp;okres realizacji: 2019-09-01 \u2013 2020-08 -31, warto\u015b\u0107 projektu:&nbsp;&nbsp;422 523,81.&nbsp;&nbsp; Celem&#8230;<\/p>\n","protected":false},"author":2,"featured_media":0,"parent":222,"menu_order":0,"comment_status":"closed","ping_status":"closed","template":"","meta":{"footnotes":""},"class_list":["post-4667","page","type-page","status-publish","hentry"],"_links":{"self":[{"href":"http:\/\/porozumienie.olsztyn.pl\/index.php\/wp-json\/wp\/v2\/pages\/4667","targetHints":{"allow":["GET"]}}],"collection":[{"href":"http:\/\/porozumienie.olsztyn.pl\/index.php\/wp-json\/wp\/v2\/pages"}],"about":[{"href":"http:\/\/porozumienie.olsztyn.pl\/index.php\/wp-json\/wp\/v2\/types\/page"}],"author":[{"embeddable":true,"href":"http:\/\/porozumienie.olsztyn.pl\/index.php\/wp-json\/wp\/v2\/users\/2"}],"replies":[{"embeddable":true,"href":"http:\/\/porozumienie.olsztyn.pl\/index.php\/wp-json\/wp\/v2\/comments?post=4667"}],"version-history":[{"count":1,"href":"http:\/\/porozumienie.olsztyn.pl\/index.php\/wp-json\/wp\/v2\/pages\/4667\/revisions"}],"predecessor-version":[{"id":4668,"href":"http:\/\/porozumienie.olsztyn.pl\/index.php\/wp-json\/wp\/v2\/pages\/4667\/revisions\/4668"}],"up":[{"embeddable":true,"href":"http:\/\/porozumienie.olsztyn.pl\/index.php\/wp-json\/wp\/v2\/pages\/222"}],"wp:attachment":[{"href":"http:\/\/porozumienie.olsztyn.pl\/index.php\/wp-json\/wp\/v2\/media?parent=4667"}],"curies":[{"name":"wp","href":"https:\/\/api.w.org\/{rel}","templated":true}]}}