{"id":261,"date":"2018-08-13T06:36:40","date_gmt":"2018-08-13T06:36:40","guid":{"rendered":"http:\/\/porozumienie.olsztyn.pl\/?page_id=261"},"modified":"2018-08-13T06:36:40","modified_gmt":"2018-08-13T06:36:40","slug":"kraina-dzieciecych-marzen-w-gorowie-ilaweckim","status":"publish","type":"page","link":"http:\/\/porozumienie.olsztyn.pl\/index.php\/projekty\/projekty\/2018-2\/kraina-dzieciecych-marzen-w-gorowie-ilaweckim\/","title":{"rendered":"\u201eKraina Dzieci\u0119cych Marze\u0144 w G\u00f3rowie I\u0142aweckim\u201d"},"content":{"rendered":"<p><strong>Okres realizacji projektu:<\/strong> 2018-2020<\/p>\n<p><strong>Miejsce Realizacji Projektu:<\/strong> Warmi\u0144sko-Mazurskie \/ G\u00f3rowo I\u0142aweckie<\/p>\n<p><strong>Celem projektu jest nabycie kompetencji kluczowych 145 dzieci (71K\/74M )z zakresu programowania z TIK, j\u0119zyka angielskiego i eksperyment\u00f3w oraz doskonalenie umiej\u0119tno\u015bci<br \/>\ni kompetencji zawodowych 14 nauczycielek w Przedszkolu Miejskim w G\u00f3rowie-I\u0142aweckim<br \/>\nz zakresu technik i metod nauczania dzieci w przedszkolu do 01.04.2018 do 31.03.2020.<\/strong><\/p>\n<p>W celu rozwoju edukacyjnego dzieci zostan\u0105 zorganizowane dodatkowe zaj\u0119cia z zakresu kompetencji kluczowych:<\/p>\n<ol>\n<li>Programowanie z TIK,<\/li>\n<li>J\u0119zyk Angielski,<\/li>\n<li>Ma\u0142y In\u017cynier i Eksperymenty<\/li>\n<\/ol>\n<p>Przedszkole bior\u0105ce udzia\u0142 w projekcie otrzyma wsparcie w postaci doposa\u017cenia plac\u00f3wki w tablice multimedialne, pod\u0142ogi interaktywne, zestawy laboratoryjne oraz zestawy kloc\u00f3w Lego WeeDo.<\/p>\n","protected":false},"excerpt":{"rendered":"<p>Okres realizacji projektu: 2018-2020 Miejsce Realizacji Projektu: Warmi\u0144sko-Mazurskie \/ G\u00f3rowo I\u0142aweckie Celem projektu jest nabycie kompetencji kluczowych 145 dzieci (71K\/74M&#8230;<\/p>\n","protected":false},"author":3,"featured_media":0,"parent":222,"menu_order":1,"comment_status":"closed","ping_status":"closed","template":"","meta":{"footnotes":""},"class_list":["post-261","page","type-page","status-publish","hentry"],"_links":{"self":[{"href":"http:\/\/porozumienie.olsztyn.pl\/index.php\/wp-json\/wp\/v2\/pages\/261","targetHints":{"allow":["GET"]}}],"collection":[{"href":"http:\/\/porozumienie.olsztyn.pl\/index.php\/wp-json\/wp\/v2\/pages"}],"about":[{"href":"http:\/\/porozumienie.olsztyn.pl\/index.php\/wp-json\/wp\/v2\/types\/page"}],"author":[{"embeddable":true,"href":"http:\/\/porozumienie.olsztyn.pl\/index.php\/wp-json\/wp\/v2\/users\/3"}],"replies":[{"embeddable":true,"href":"http:\/\/porozumienie.olsztyn.pl\/index.php\/wp-json\/wp\/v2\/comments?post=261"}],"version-history":[{"count":1,"href":"http:\/\/porozumienie.olsztyn.pl\/index.php\/wp-json\/wp\/v2\/pages\/261\/revisions"}],"predecessor-version":[{"id":262,"href":"http:\/\/porozumienie.olsztyn.pl\/index.php\/wp-json\/wp\/v2\/pages\/261\/revisions\/262"}],"up":[{"embeddable":true,"href":"http:\/\/porozumienie.olsztyn.pl\/index.php\/wp-json\/wp\/v2\/pages\/222"}],"wp:attachment":[{"href":"http:\/\/porozumienie.olsztyn.pl\/index.php\/wp-json\/wp\/v2\/media?parent=261"}],"curies":[{"name":"wp","href":"https:\/\/api.w.org\/{rel}","templated":true}]}}