{"id":226,"date":"2018-03-08T11:08:56","date_gmt":"2018-03-08T11:08:56","guid":{"rendered":"http:\/\/porozumienie.olsztyn.pl\/?page_id=226"},"modified":"2025-12-03T16:06:37","modified_gmt":"2025-12-03T16:06:37","slug":"wspolpraca","status":"publish","type":"page","link":"http:\/\/porozumienie.olsztyn.pl\/index.php\/o-osrodku\/wspolpraca\/","title":{"rendered":"Wsp\u00f3\u0142praca"},"content":{"rendered":"\r\n<p>Zapraszamy do wsp\u00f3\u0142pracy wszystkie plac\u00f3wki edukacyjne: \u017c\u0142obki, przedszkola, szko\u0142y do wsp\u00f3\u0142pracy w zakresie wsp\u00f3\u0142tworzenia projekt\u00f3w edukacyjnych maj\u0105cych na celu rozw\u00f3j kompetencji oraz modernizacj\u0119 bazy dydaktyczno-edukacyjnej plac\u00f3wki. Posiadamy szerokie do\u015bwiadczenie w pisaniu oraz prowadzeniu projekt\u00f3w zwi\u0119kszaj\u0105cych szanse edukacyjne uczni\u00f3w oraz atrakcyjno\u015b\u0107 plac\u00f3wki.<\/p>\r\n\r\n\r\n\r\n<p>Ch\u0119tnie nawi\u0105\u017cemy wsp\u00f3\u0142prac\u0119 z Domami Pomocy Spo\u0142ecznej oraz Organizacjami zajmuj\u0105cymi si\u0119 osobami starszymi oraz niepe\u0142nosprawnymi w ramach realizacji projekt\u00f3w edukacyjnych, profilaktycznych, warsztat\u00f3w, wycieczek i wielu innych form aktywno\u015bci skierowanych do najbardziej potrzebuj\u0105cych grup spo\u0142ecznych.\u00a0<\/p>\r\n","protected":false},"excerpt":{"rendered":"<p>Zapraszamy do wsp\u00f3\u0142pracy wszystkie plac\u00f3wki edukacyjne: \u017c\u0142obki, przedszkola, szko\u0142y do wsp\u00f3\u0142pracy w zakresie wsp\u00f3\u0142tworzenia projekt\u00f3w edukacyjnych maj\u0105cych na celu rozw\u00f3j&#8230;<\/p>\n","protected":false},"author":3,"featured_media":0,"parent":164,"menu_order":1,"comment_status":"closed","ping_status":"closed","template":"","meta":{"footnotes":""},"class_list":["post-226","page","type-page","status-publish","hentry"],"_links":{"self":[{"href":"http:\/\/porozumienie.olsztyn.pl\/index.php\/wp-json\/wp\/v2\/pages\/226","targetHints":{"allow":["GET"]}}],"collection":[{"href":"http:\/\/porozumienie.olsztyn.pl\/index.php\/wp-json\/wp\/v2\/pages"}],"about":[{"href":"http:\/\/porozumienie.olsztyn.pl\/index.php\/wp-json\/wp\/v2\/types\/page"}],"author":[{"embeddable":true,"href":"http:\/\/porozumienie.olsztyn.pl\/index.php\/wp-json\/wp\/v2\/users\/3"}],"replies":[{"embeddable":true,"href":"http:\/\/porozumienie.olsztyn.pl\/index.php\/wp-json\/wp\/v2\/comments?post=226"}],"version-history":[{"count":3,"href":"http:\/\/porozumienie.olsztyn.pl\/index.php\/wp-json\/wp\/v2\/pages\/226\/revisions"}],"predecessor-version":[{"id":5235,"href":"http:\/\/porozumienie.olsztyn.pl\/index.php\/wp-json\/wp\/v2\/pages\/226\/revisions\/5235"}],"up":[{"embeddable":true,"href":"http:\/\/porozumienie.olsztyn.pl\/index.php\/wp-json\/wp\/v2\/pages\/164"}],"wp:attachment":[{"href":"http:\/\/porozumienie.olsztyn.pl\/index.php\/wp-json\/wp\/v2\/media?parent=226"}],"curies":[{"name":"wp","href":"https:\/\/api.w.org\/{rel}","templated":true}]}}