{"id":206,"date":"2018-03-07T13:37:52","date_gmt":"2018-03-07T13:37:52","guid":{"rendered":"http:\/\/porozumienie.olsztyn.pl\/?page_id=206"},"modified":"2018-03-08T11:46:41","modified_gmt":"2018-03-08T11:46:41","slug":"1-2","status":"publish","type":"page","link":"http:\/\/porozumienie.olsztyn.pl\/index.php\/1-2\/","title":{"rendered":"Mediacje"},"content":{"rendered":"<p><strong>LISTY MEDIATOR\u00d3W PROWADZONE PRZEZ PREZESA S\u0104DU OKR\u0118GOWEGO W OLSZTYNIE:<\/strong><\/p>\n<ul>\n<li><a href=\"http:\/\/www.olsztyn.so.gov.pl\/images\/stories\/sad\/WYKAZ_MEDIATOR%C3%93W_-_KARNE_25.01.2018.pdf\" target=\"_blank\" rel=\"noopener\">Wykaz mediator\u00f3w w sprawach karnych<\/a><\/li>\n<li><a class=\"wf_file\" href=\"http:\/\/www.olsztyn.so.gov.pl\/images\/stories\/sad\/WYKAZ_MEDIATOR%C3%93W_-_NIELETNICH_25.01.2018.pdf\" target=\"_blank\" rel=\"noopener\"><span class=\"wf_file_text\">Wykaz<\/span><\/a><a class=\"wf_file\" href=\"http:\/\/www.olsztyn.so.gov.pl\/images\/stories\/sad\/WYKAZ_MEDIATOR%C3%93W_-_NIELETNICH_25.01.2018.pdf\" target=\"_blank\" rel=\"noopener\"><span class=\"wf_file_text\"> mediator\u00f3w w sprawach nieletnich<\/span><\/a><\/li>\n<\/ul>\n","protected":false},"excerpt":{"rendered":"<p>LISTY MEDIATOR\u00d3W PROWADZONE PRZEZ PREZESA S\u0104DU OKR\u0118GOWEGO W OLSZTYNIE: Wykaz mediator\u00f3w w sprawach karnych Wykaz mediator\u00f3w w sprawach nieletnich<\/p>\n","protected":false},"author":3,"featured_media":0,"parent":0,"menu_order":4,"comment_status":"closed","ping_status":"closed","template":"","meta":{"footnotes":""},"class_list":["post-206","page","type-page","status-publish","hentry"],"_links":{"self":[{"href":"http:\/\/porozumienie.olsztyn.pl\/index.php\/wp-json\/wp\/v2\/pages\/206","targetHints":{"allow":["GET"]}}],"collection":[{"href":"http:\/\/porozumienie.olsztyn.pl\/index.php\/wp-json\/wp\/v2\/pages"}],"about":[{"href":"http:\/\/porozumienie.olsztyn.pl\/index.php\/wp-json\/wp\/v2\/types\/page"}],"author":[{"embeddable":true,"href":"http:\/\/porozumienie.olsztyn.pl\/index.php\/wp-json\/wp\/v2\/users\/3"}],"replies":[{"embeddable":true,"href":"http:\/\/porozumienie.olsztyn.pl\/index.php\/wp-json\/wp\/v2\/comments?post=206"}],"version-history":[{"count":6,"href":"http:\/\/porozumienie.olsztyn.pl\/index.php\/wp-json\/wp\/v2\/pages\/206\/revisions"}],"predecessor-version":[{"id":246,"href":"http:\/\/porozumienie.olsztyn.pl\/index.php\/wp-json\/wp\/v2\/pages\/206\/revisions\/246"}],"wp:attachment":[{"href":"http:\/\/porozumienie.olsztyn.pl\/index.php\/wp-json\/wp\/v2\/media?parent=206"}],"curies":[{"name":"wp","href":"https:\/\/api.w.org\/{rel}","templated":true}]}}