{"id":199,"date":"2018-02-03T18:57:08","date_gmt":"2018-02-03T18:57:08","guid":{"rendered":"http:\/\/porozumienie.olsztyn.pl\/?page_id=199"},"modified":"2018-03-08T11:26:39","modified_gmt":"2018-03-08T11:26:39","slug":"opinie","status":"publish","type":"page","link":"http:\/\/porozumienie.olsztyn.pl\/index.php\/oferta\/opinie\/","title":{"rendered":"Opinie"},"content":{"rendered":"<p style=\"text-align: justify;\">Na \u017cyczenie rodzic\u00f3w wydajemy opinie pisemne w r\u00f3\u017cnego rodzaju sprawach zwi\u0105zanych z rozwojem i funkcjonowaniem psychicznym dziecka. Sporz\u0105dzenie opinii mo\u017ce wymaga\u0107 przeprowadzenia bada\u0144 psychologicznych lub pedagogicznych.<\/p>\n","protected":false},"excerpt":{"rendered":"<p>Na \u017cyczenie rodzic\u00f3w wydajemy opinie pisemne w r\u00f3\u017cnego rodzaju sprawach zwi\u0105zanych z rozwojem i funkcjonowaniem psychicznym dziecka. Sporz\u0105dzenie opinii mo\u017ce&#8230;<\/p>\n","protected":false},"author":1,"featured_media":0,"parent":8,"menu_order":7,"comment_status":"closed","ping_status":"closed","template":"","meta":{"footnotes":""},"class_list":["post-199","page","type-page","status-publish","hentry"],"_links":{"self":[{"href":"http:\/\/porozumienie.olsztyn.pl\/index.php\/wp-json\/wp\/v2\/pages\/199","targetHints":{"allow":["GET"]}}],"collection":[{"href":"http:\/\/porozumienie.olsztyn.pl\/index.php\/wp-json\/wp\/v2\/pages"}],"about":[{"href":"http:\/\/porozumienie.olsztyn.pl\/index.php\/wp-json\/wp\/v2\/types\/page"}],"author":[{"embeddable":true,"href":"http:\/\/porozumienie.olsztyn.pl\/index.php\/wp-json\/wp\/v2\/users\/1"}],"replies":[{"embeddable":true,"href":"http:\/\/porozumienie.olsztyn.pl\/index.php\/wp-json\/wp\/v2\/comments?post=199"}],"version-history":[{"count":2,"href":"http:\/\/porozumienie.olsztyn.pl\/index.php\/wp-json\/wp\/v2\/pages\/199\/revisions"}],"predecessor-version":[{"id":242,"href":"http:\/\/porozumienie.olsztyn.pl\/index.php\/wp-json\/wp\/v2\/pages\/199\/revisions\/242"}],"up":[{"embeddable":true,"href":"http:\/\/porozumienie.olsztyn.pl\/index.php\/wp-json\/wp\/v2\/pages\/8"}],"wp:attachment":[{"href":"http:\/\/porozumienie.olsztyn.pl\/index.php\/wp-json\/wp\/v2\/media?parent=199"}],"curies":[{"name":"wp","href":"https:\/\/api.w.org\/{rel}","templated":true}]}}