{"id":176,"date":"2018-02-03T14:40:33","date_gmt":"2018-02-03T14:40:33","guid":{"rendered":"http:\/\/porozumienie.olsztyn.pl\/?page_id=176"},"modified":"2024-06-19T15:58:37","modified_gmt":"2024-06-19T15:58:37","slug":"projekty","status":"publish","type":"page","link":"http:\/\/porozumienie.olsztyn.pl\/index.php\/projekty\/","title":{"rendered":"Projekty"},"content":{"rendered":"\n<p><sub>Aktualizacja 18_06_2024<\/sub><\/p>\n\n\n\n<p>Cieszymy si\u0119 ogromnie z sukcesu uczni\u00f3w ZSE , kt\u00f3rzy w\u0142a\u015bnie uko\u0144czyli kurs z kadry i p\u0142ace finansowany z projekt\u00f3w Unijnych. <\/p>\n\n\n\n<p>Wszyscy uczestnicy zdali egzamin ko\u0144cowy z wynikiem bardzo dobrym, co \u015bwiadczy o ich zaanga\u017cowaniu i wysokim poziomie wiedzy.<br>Teraz uczniowie przygotowuj\u0105 si\u0119 do odbycia sta\u017cy uczniowskich w renomowanych firmach i instytucjach, gdzie b\u0119d\u0105 mogli zdoby\u0107 cenne do\u015bwiadczenie zawodowe i rozwija\u0107 swoje umiej\u0119tno\u015bci praktyczne. Jeste\u015bmy dumni z osi\u0105gni\u0119\u0107 uczni\u00f3w\u00a0 uczestnicz\u0105cych w projekcje\u00a0 Konkurencyjni na rynku pracy \u2013 Ekonomik.<\/p>\n\n\n\n<figure class=\"wp-block-gallery has-nested-images columns-default is-cropped wp-block-gallery-1 is-layout-flex wp-block-gallery-is-layout-flex\">\n<figure class=\"wp-block-image size-large\"><img fetchpriority=\"high\" decoding=\"async\" width=\"1024\" height=\"768\" data-id=\"4831\" src=\"http:\/\/porozumienie.olsztyn.pl\/wp-content\/uploads\/2024\/06\/1-1-1024x768.jpeg\" alt=\"\" class=\"wp-image-4831\" srcset=\"http:\/\/porozumienie.olsztyn.pl\/wp-content\/uploads\/2024\/06\/1-1-1024x768.jpeg 1024w, http:\/\/porozumienie.olsztyn.pl\/wp-content\/uploads\/2024\/06\/1-1-scaled-600x450.jpeg 600w, http:\/\/porozumienie.olsztyn.pl\/wp-content\/uploads\/2024\/06\/1-1-300x225.jpeg 300w, http:\/\/porozumienie.olsztyn.pl\/wp-content\/uploads\/2024\/06\/1-1-768x576.jpeg 768w, http:\/\/porozumienie.olsztyn.pl\/wp-content\/uploads\/2024\/06\/1-1-1536x1152.jpeg 1536w, http:\/\/porozumienie.olsztyn.pl\/wp-content\/uploads\/2024\/06\/1-1-2048x1536.jpeg 2048w\" sizes=\"(max-width: 1024px) 100vw, 1024px\" \/><\/figure>\n\n\n\n<figure class=\"wp-block-image size-large\"><img decoding=\"async\" width=\"1024\" height=\"768\" data-id=\"4823\" src=\"http:\/\/porozumienie.olsztyn.pl\/wp-content\/uploads\/2024\/06\/4-1024x768.jpg\" alt=\"\" class=\"wp-image-4823\" srcset=\"http:\/\/porozumienie.olsztyn.pl\/wp-content\/uploads\/2024\/06\/4-1024x768.jpg 1024w, http:\/\/porozumienie.olsztyn.pl\/wp-content\/uploads\/2024\/06\/4-scaled-600x450.jpg 600w, http:\/\/porozumienie.olsztyn.pl\/wp-content\/uploads\/2024\/06\/4-300x225.jpg 300w, http:\/\/porozumienie.olsztyn.pl\/wp-content\/uploads\/2024\/06\/4-768x576.jpg 768w, http:\/\/porozumienie.olsztyn.pl\/wp-content\/uploads\/2024\/06\/4-1536x1152.jpg 1536w, http:\/\/porozumienie.olsztyn.pl\/wp-content\/uploads\/2024\/06\/4-2048x1536.jpg 2048w\" sizes=\"(max-width: 1024px) 100vw, 1024px\" \/><\/figure>\n\n\n\n<figure class=\"wp-block-image size-large\"><img decoding=\"async\" width=\"1024\" height=\"768\" data-id=\"4822\" src=\"http:\/\/porozumienie.olsztyn.pl\/wp-content\/uploads\/2024\/06\/3-1024x768.jpg\" alt=\"\" class=\"wp-image-4822\" srcset=\"http:\/\/porozumienie.olsztyn.pl\/wp-content\/uploads\/2024\/06\/3-1024x768.jpg 1024w, http:\/\/porozumienie.olsztyn.pl\/wp-content\/uploads\/2024\/06\/3-scaled-600x450.jpg 600w, http:\/\/porozumienie.olsztyn.pl\/wp-content\/uploads\/2024\/06\/3-300x225.jpg 300w, http:\/\/porozumienie.olsztyn.pl\/wp-content\/uploads\/2024\/06\/3-768x576.jpg 768w, http:\/\/porozumienie.olsztyn.pl\/wp-content\/uploads\/2024\/06\/3-1536x1152.jpg 1536w, http:\/\/porozumienie.olsztyn.pl\/wp-content\/uploads\/2024\/06\/3-2048x1536.jpg 2048w\" sizes=\"(max-width: 1024px) 100vw, 1024px\" \/><\/figure>\n\n\n\n<figure class=\"wp-block-image size-large\"><img loading=\"lazy\" decoding=\"async\" width=\"1024\" height=\"768\" data-id=\"4827\" src=\"http:\/\/porozumienie.olsztyn.pl\/wp-content\/uploads\/2024\/06\/9-1024x768.jpg\" alt=\"\" class=\"wp-image-4827\" srcset=\"http:\/\/porozumienie.olsztyn.pl\/wp-content\/uploads\/2024\/06\/9-1024x768.jpg 1024w, http:\/\/porozumienie.olsztyn.pl\/wp-content\/uploads\/2024\/06\/9-scaled-600x450.jpg 600w, http:\/\/porozumienie.olsztyn.pl\/wp-content\/uploads\/2024\/06\/9-300x225.jpg 300w, http:\/\/porozumienie.olsztyn.pl\/wp-content\/uploads\/2024\/06\/9-768x576.jpg 768w, http:\/\/porozumienie.olsztyn.pl\/wp-content\/uploads\/2024\/06\/9-1536x1152.jpg 1536w, http:\/\/porozumienie.olsztyn.pl\/wp-content\/uploads\/2024\/06\/9-2048x1536.jpg 2048w\" sizes=\"(max-width: 1024px) 100vw, 1024px\" \/><\/figure>\n\n\n\n<figure class=\"wp-block-image size-large\"><img loading=\"lazy\" decoding=\"async\" width=\"1024\" height=\"768\" data-id=\"4821\" src=\"http:\/\/porozumienie.olsztyn.pl\/wp-content\/uploads\/2024\/06\/2-1024x768.jpg\" alt=\"\" class=\"wp-image-4821\" srcset=\"http:\/\/porozumienie.olsztyn.pl\/wp-content\/uploads\/2024\/06\/2-1024x768.jpg 1024w, http:\/\/porozumienie.olsztyn.pl\/wp-content\/uploads\/2024\/06\/2-scaled-600x450.jpg 600w, http:\/\/porozumienie.olsztyn.pl\/wp-content\/uploads\/2024\/06\/2-300x225.jpg 300w, http:\/\/porozumienie.olsztyn.pl\/wp-content\/uploads\/2024\/06\/2-768x576.jpg 768w, http:\/\/porozumienie.olsztyn.pl\/wp-content\/uploads\/2024\/06\/2-1536x1152.jpg 1536w, http:\/\/porozumienie.olsztyn.pl\/wp-content\/uploads\/2024\/06\/2-2048x1536.jpg 2048w\" sizes=\"(max-width: 1024px) 100vw, 1024px\" \/><\/figure>\n\n\n\n<figure class=\"wp-block-image size-large\"><img loading=\"lazy\" decoding=\"async\" width=\"1024\" height=\"768\" data-id=\"4825\" src=\"http:\/\/porozumienie.olsztyn.pl\/wp-content\/uploads\/2024\/06\/6-1024x768.jpg\" alt=\"\" class=\"wp-image-4825\" srcset=\"http:\/\/porozumienie.olsztyn.pl\/wp-content\/uploads\/2024\/06\/6-1024x768.jpg 1024w, http:\/\/porozumienie.olsztyn.pl\/wp-content\/uploads\/2024\/06\/6-scaled-600x450.jpg 600w, http:\/\/porozumienie.olsztyn.pl\/wp-content\/uploads\/2024\/06\/6-300x225.jpg 300w, http:\/\/porozumienie.olsztyn.pl\/wp-content\/uploads\/2024\/06\/6-768x576.jpg 768w, http:\/\/porozumienie.olsztyn.pl\/wp-content\/uploads\/2024\/06\/6-1536x1152.jpg 1536w, http:\/\/porozumienie.olsztyn.pl\/wp-content\/uploads\/2024\/06\/6-2048x1536.jpg 2048w\" sizes=\"(max-width: 1024px) 100vw, 1024px\" \/><\/figure>\n\n\n\n<figure class=\"wp-block-image size-large\"><img loading=\"lazy\" decoding=\"async\" width=\"1024\" height=\"768\" data-id=\"4826\" src=\"http:\/\/porozumienie.olsztyn.pl\/wp-content\/uploads\/2024\/06\/7-1024x768.jpg\" alt=\"\" class=\"wp-image-4826\" srcset=\"http:\/\/porozumienie.olsztyn.pl\/wp-content\/uploads\/2024\/06\/7-1024x768.jpg 1024w, http:\/\/porozumienie.olsztyn.pl\/wp-content\/uploads\/2024\/06\/7-scaled-600x450.jpg 600w, http:\/\/porozumienie.olsztyn.pl\/wp-content\/uploads\/2024\/06\/7-300x225.jpg 300w, http:\/\/porozumienie.olsztyn.pl\/wp-content\/uploads\/2024\/06\/7-768x576.jpg 768w, http:\/\/porozumienie.olsztyn.pl\/wp-content\/uploads\/2024\/06\/7-1536x1152.jpg 1536w, http:\/\/porozumienie.olsztyn.pl\/wp-content\/uploads\/2024\/06\/7-2048x1536.jpg 2048w\" sizes=\"(max-width: 1024px) 100vw, 1024px\" \/><\/figure>\n\n\n\n<figure class=\"wp-block-image size-large\"><img loading=\"lazy\" decoding=\"async\" width=\"768\" height=\"1024\" data-id=\"4840\" src=\"http:\/\/porozumienie.olsztyn.pl\/wp-content\/uploads\/2024\/06\/12-1-768x1024.jpg\" alt=\"\" class=\"wp-image-4840\" srcset=\"http:\/\/porozumienie.olsztyn.pl\/wp-content\/uploads\/2024\/06\/12-1-768x1024.jpg 768w, http:\/\/porozumienie.olsztyn.pl\/wp-content\/uploads\/2024\/06\/12-1-scaled-600x800.jpg 600w, http:\/\/porozumienie.olsztyn.pl\/wp-content\/uploads\/2024\/06\/12-1-225x300.jpg 225w, http:\/\/porozumienie.olsztyn.pl\/wp-content\/uploads\/2024\/06\/12-1-1152x1536.jpg 1152w, http:\/\/porozumienie.olsztyn.pl\/wp-content\/uploads\/2024\/06\/12-1-1536x2048.jpg 1536w, http:\/\/porozumienie.olsztyn.pl\/wp-content\/uploads\/2024\/06\/12-1-scaled.jpg 1920w\" sizes=\"(max-width: 768px) 100vw, 768px\" \/><\/figure>\n\n\n\n<figure class=\"wp-block-image size-large\"><img loading=\"lazy\" decoding=\"async\" width=\"1024\" height=\"768\" data-id=\"4836\" src=\"http:\/\/porozumienie.olsztyn.pl\/wp-content\/uploads\/2024\/06\/6-1-1024x768.jpg\" alt=\"\" class=\"wp-image-4836\" srcset=\"http:\/\/porozumienie.olsztyn.pl\/wp-content\/uploads\/2024\/06\/6-1-1024x768.jpg 1024w, http:\/\/porozumienie.olsztyn.pl\/wp-content\/uploads\/2024\/06\/6-1-scaled-600x450.jpg 600w, http:\/\/porozumienie.olsztyn.pl\/wp-content\/uploads\/2024\/06\/6-1-300x225.jpg 300w, http:\/\/porozumienie.olsztyn.pl\/wp-content\/uploads\/2024\/06\/6-1-768x576.jpg 768w, http:\/\/porozumienie.olsztyn.pl\/wp-content\/uploads\/2024\/06\/6-1-1536x1152.jpg 1536w, http:\/\/porozumienie.olsztyn.pl\/wp-content\/uploads\/2024\/06\/6-1-2048x1536.jpg 2048w\" sizes=\"(max-width: 1024px) 100vw, 1024px\" \/><\/figure>\n\n\n\n<figure class=\"wp-block-image size-large\"><img loading=\"lazy\" decoding=\"async\" width=\"1024\" height=\"768\" data-id=\"4839\" src=\"http:\/\/porozumienie.olsztyn.pl\/wp-content\/uploads\/2024\/06\/10-1-1024x768.jpg\" alt=\"\" class=\"wp-image-4839\" srcset=\"http:\/\/porozumienie.olsztyn.pl\/wp-content\/uploads\/2024\/06\/10-1-1024x768.jpg 1024w, http:\/\/porozumienie.olsztyn.pl\/wp-content\/uploads\/2024\/06\/10-1-scaled-600x450.jpg 600w, http:\/\/porozumienie.olsztyn.pl\/wp-content\/uploads\/2024\/06\/10-1-300x225.jpg 300w, http:\/\/porozumienie.olsztyn.pl\/wp-content\/uploads\/2024\/06\/10-1-768x576.jpg 768w, http:\/\/porozumienie.olsztyn.pl\/wp-content\/uploads\/2024\/06\/10-1-1536x1152.jpg 1536w, http:\/\/porozumienie.olsztyn.pl\/wp-content\/uploads\/2024\/06\/10-1-2048x1536.jpg 2048w\" sizes=\"(max-width: 1024px) 100vw, 1024px\" \/><\/figure>\n\n\n\n<figure class=\"wp-block-image size-large\"><img loading=\"lazy\" decoding=\"async\" width=\"1024\" height=\"768\" data-id=\"4838\" src=\"http:\/\/porozumienie.olsztyn.pl\/wp-content\/uploads\/2024\/06\/9-1-1024x768.jpg\" alt=\"\" class=\"wp-image-4838\" srcset=\"http:\/\/porozumienie.olsztyn.pl\/wp-content\/uploads\/2024\/06\/9-1-1024x768.jpg 1024w, http:\/\/porozumienie.olsztyn.pl\/wp-content\/uploads\/2024\/06\/9-1-scaled-600x450.jpg 600w, http:\/\/porozumienie.olsztyn.pl\/wp-content\/uploads\/2024\/06\/9-1-300x225.jpg 300w, http:\/\/porozumienie.olsztyn.pl\/wp-content\/uploads\/2024\/06\/9-1-768x576.jpg 768w, http:\/\/porozumienie.olsztyn.pl\/wp-content\/uploads\/2024\/06\/9-1-1536x1152.jpg 1536w, http:\/\/porozumienie.olsztyn.pl\/wp-content\/uploads\/2024\/06\/9-1-2048x1536.jpg 2048w\" sizes=\"(max-width: 1024px) 100vw, 1024px\" \/><\/figure>\n\n\n\n<figure class=\"wp-block-image size-large\"><img loading=\"lazy\" decoding=\"async\" width=\"1024\" height=\"768\" data-id=\"4837\" src=\"http:\/\/porozumienie.olsztyn.pl\/wp-content\/uploads\/2024\/06\/7-1-1024x768.jpg\" alt=\"\" class=\"wp-image-4837\" srcset=\"http:\/\/porozumienie.olsztyn.pl\/wp-content\/uploads\/2024\/06\/7-1-1024x768.jpg 1024w, http:\/\/porozumienie.olsztyn.pl\/wp-content\/uploads\/2024\/06\/7-1-scaled-600x450.jpg 600w, http:\/\/porozumienie.olsztyn.pl\/wp-content\/uploads\/2024\/06\/7-1-300x225.jpg 300w, http:\/\/porozumienie.olsztyn.pl\/wp-content\/uploads\/2024\/06\/7-1-768x576.jpg 768w, http:\/\/porozumienie.olsztyn.pl\/wp-content\/uploads\/2024\/06\/7-1-1536x1152.jpg 1536w, http:\/\/porozumienie.olsztyn.pl\/wp-content\/uploads\/2024\/06\/7-1-2048x1536.jpg 2048w\" sizes=\"(max-width: 1024px) 100vw, 1024px\" \/><\/figure>\n<\/figure>\n\n\n\n<p>Dzi\u0119kujemy r\u00f3wnie\u017c wszystkim zaanga\u017cowanym wyk\u0142adowcom, nauczycielom i pracownikom szko\u0142y, kt\u00f3rzy przyczynili si\u0119 do sukcesu tego kursu. <\/p>\n\n\n\n<p>Gratulacje dla wszystkich!<\/p>\n\n\n\n<p>#funduszeUE<\/p>\n\n\n\n<p><\/p>\n","protected":false},"excerpt":{"rendered":"<p>Aktualizacja 18_06_2024 Cieszymy si\u0119 ogromnie z sukcesu uczni\u00f3w ZSE , kt\u00f3rzy w\u0142a\u015bnie uko\u0144czyli kurs z kadry i p\u0142ace finansowany z&#8230;<\/p>\n","protected":false},"author":3,"featured_media":0,"parent":0,"menu_order":2,"comment_status":"closed","ping_status":"closed","template":"","meta":{"footnotes":""},"class_list":["post-176","page","type-page","status-publish","hentry"],"_links":{"self":[{"href":"http:\/\/porozumienie.olsztyn.pl\/index.php\/wp-json\/wp\/v2\/pages\/176","targetHints":{"allow":["GET"]}}],"collection":[{"href":"http:\/\/porozumienie.olsztyn.pl\/index.php\/wp-json\/wp\/v2\/pages"}],"about":[{"href":"http:\/\/porozumienie.olsztyn.pl\/index.php\/wp-json\/wp\/v2\/types\/page"}],"author":[{"embeddable":true,"href":"http:\/\/porozumienie.olsztyn.pl\/index.php\/wp-json\/wp\/v2\/users\/3"}],"replies":[{"embeddable":true,"href":"http:\/\/porozumienie.olsztyn.pl\/index.php\/wp-json\/wp\/v2\/comments?post=176"}],"version-history":[{"count":2,"href":"http:\/\/porozumienie.olsztyn.pl\/index.php\/wp-json\/wp\/v2\/pages\/176\/revisions"}],"predecessor-version":[{"id":4841,"href":"http:\/\/porozumienie.olsztyn.pl\/index.php\/wp-json\/wp\/v2\/pages\/176\/revisions\/4841"}],"wp:attachment":[{"href":"http:\/\/porozumienie.olsztyn.pl\/index.php\/wp-json\/wp\/v2\/media?parent=176"}],"curies":[{"name":"wp","href":"https:\/\/api.w.org\/{rel}","templated":true}]}}